{"id":19373,"date":"2025-07-16T09:53:50","date_gmt":"2025-07-16T07:53:50","guid":{"rendered":"https:\/\/www.amvisor.com\/?page_id=19373"},"modified":"2025-11-12T09:05:18","modified_gmt":"2025-11-12T08:05:18","slug":"crw5hj98","status":"publish","type":"page","link":"https:\/\/www.amvisor.com\/de\/kostenloser-download-anfrage-prime-day-072025\/crw5hj98\/","title":{"rendered":"Download Amazon Prime Day Report 07 2025"},"content":{"rendered":"<div class=\"fusion-fullwidth fullwidth-box fusion-builder-row-1 fusion-flex-container has-pattern-background has-mask-background nonhundred-percent-fullwidth non-hundred-percent-height-scrolling\" style=\"--awb-border-radius-top-left:0px;--awb-border-radius-top-right:0px;--awb-border-radius-bottom-right:0px;--awb-border-radius-bottom-left:0px;--awb-flex-wrap:wrap;\" ><div class=\"fusion-builder-row fusion-row fusion-flex-align-items-flex-start fusion-flex-justify-content-center fusion-flex-content-wrap\" style=\"max-width:1248px;margin-left: calc(-4% \/ 2 );margin-right: calc(-4% \/ 2 );\"><div class=\"fusion-layout-column fusion_builder_column fusion-builder-column-0 fusion_builder_column_1_1 1_1 fusion-flex-column\" style=\"--awb-bg-size:cover;--awb-width-large:100%;--awb-margin-top-large:0px;--awb-spacing-right-large:1.92%;--awb-margin-bottom-large:20px;--awb-spacing-left-large:1.92%;--awb-width-medium:100%;--awb-order-medium:0;--awb-spacing-right-medium:1.92%;--awb-spacing-left-medium:1.92%;--awb-width-small:100%;--awb-order-small:0;--awb-spacing-right-small:1.92%;--awb-spacing-left-small:1.92%;\"><div class=\"fusion-column-wrapper fusion-column-has-shadow fusion-flex-justify-content-flex-start fusion-content-layout-column\"><div class=\"fusion-title title fusion-title-1 fusion-sep-none fusion-title-center fusion-title-text fusion-title-size-one\" style=\"--awb-margin-top-small:5px;--awb-margin-right-small:0px;--awb-margin-bottom-small:25px;--awb-margin-left-small:0px;\"><h1 class=\"fusion-title-heading title-heading-center fusion-responsive-typography-calculated\" style=\"margin:0;--fontSize:54;line-height:1.16;\">Jetzt herunterladen<\/h1><\/div><\/div><\/div><div class=\"fusion-layout-column fusion_builder_column fusion-builder-column-1 fusion_builder_column_1_4 1_4 fusion-flex-column\" style=\"--awb-bg-size:cover;--awb-width-large:25%;--awb-margin-top-large:0px;--awb-spacing-right-large:7.68%;--awb-margin-bottom-large:20px;--awb-spacing-left-large:7.68%;--awb-width-medium:25%;--awb-order-medium:0;--awb-spacing-right-medium:7.68%;--awb-spacing-left-medium:7.68%;--awb-width-small:100%;--awb-order-small:0;--awb-spacing-right-small:1.92%;--awb-spacing-left-small:1.92%;\"><div class=\"fusion-column-wrapper fusion-column-has-shadow fusion-flex-justify-content-flex-start fusion-content-layout-column\"><\/div><\/div><div class=\"fusion-layout-column fusion_builder_column fusion-builder-column-2 fusion_builder_column_1_2 1_2 fusion-flex-column\" style=\"--awb-bg-size:cover;--awb-width-large:50%;--awb-margin-top-large:0px;--awb-spacing-right-large:3.84%;--awb-margin-bottom-large:20px;--awb-spacing-left-large:3.84%;--awb-width-medium:50%;--awb-order-medium:0;--awb-spacing-right-medium:3.84%;--awb-spacing-left-medium:3.84%;--awb-width-small:100%;--awb-order-small:0;--awb-spacing-right-small:1.92%;--awb-spacing-left-small:1.92%;\"><div class=\"fusion-column-wrapper fusion-column-has-shadow fusion-flex-justify-content-flex-start fusion-content-layout-column\"><div class=\"sdm_download_item \"><div class=\"sdm_download_item_top\"><div class=\"sdm_download_thumbnail\"><img decoding=\"async\" class=\"sdm_download_thumbnail_image\" src=\"https:\/\/www.amvisor.com\/wp-content\/uploads\/2025\/07\/AMVisor-Research-PRIME-DAY-07-2025-DE.jpg\" alt = \"Amazon Prime Day Report 07 2025\" \/><\/div><div class=\"sdm_download_title\">Amazon Prime Day Report 07 2025<\/div><\/div><div style=\"clear:both;\"><\/div><div class=\"sdm_download_description\"><\/div><div class=\"sdm_download_link\"><span class=\"sdm_download_button\"><a href=\"https:\/\/www.amvisor.com\/de\/?sdm_process_download=1&download_id=19358\" class=\"sdm_download \u201dwhite\u201d\" title=\"Amazon Prime Day Report 07 2025\" target=\"_self\">Jetzt herunterladen!<\/a><\/span><span class=\"sdm_download_item_count\"><span class=\"sdm_item_count_number\">92<\/span><span class=\"sdm_item_count_string\"> Downloads<\/span><\/span><\/div><\/div><div class=\"sdm_clear_float\"><\/div><\/div><\/div><div class=\"fusion-layout-column fusion_builder_column fusion-builder-column-3 fusion_builder_column_1_4 1_4 fusion-flex-column\" style=\"--awb-bg-size:cover;--awb-width-large:25%;--awb-margin-top-large:0px;--awb-spacing-right-large:7.68%;--awb-margin-bottom-large:20px;--awb-spacing-left-large:7.68%;--awb-width-medium:25%;--awb-order-medium:0;--awb-spacing-right-medium:7.68%;--awb-spacing-left-medium:7.68%;--awb-width-small:100%;--awb-order-small:0;--awb-spacing-right-small:1.92%;--awb-spacing-left-small:1.92%;\"><div class=\"fusion-column-wrapper fusion-column-has-shadow fusion-flex-justify-content-flex-start fusion-content-layout-column\"><\/div><\/div><\/div><\/div>\n","protected":false},"excerpt":{"rendered":"<p>Der Amazon Prime Day 2025 war mehr als nur ein Ausverkauf \u2013 er war eine strategische B\u00fchne. Der exklusive Bericht von AMVisor zeigt, wie f\u00fchrende Marken Daten, Rabatte und Werbung nutzten, um ihre Ums\u00e4tze um bis zu +580\u202f% zu steigern. Erfahren Sie, was funktioniert hat, was nicht \u2013 und warum Sichtbarkeit, nicht nur Preisnachl\u00e4sse, \u00fcber den Erfolg entschied.<\/p>\n","protected":false},"author":4,"featured_media":0,"parent":19360,"menu_order":2,"comment_status":"closed","ping_status":"closed","template":"","meta":{"_acf_changed":false,"footnotes":""},"class_list":["post-19373","page","type-page","status-publish","hentry"],"acf":[],"yoast_head":"<!-- This site is optimized with the Yoast SEO plugin v27.1.1 - https:\/\/yoast.com\/product\/yoast-seo-wordpress\/ -->\n<title>Download Amazon Prime Day Report 07 2025 - AMVisor.com<\/title>\n<meta name=\"robots\" content=\"index, follow, max-snippet:-1, max-image-preview:large, max-video-preview:-1\" \/>\n<link rel=\"canonical\" href=\"https:\/\/www.amvisor.com\/de\/kostenloser-download-anfrage-prime-day-072025\/crw5hj98\/\" \/>\n<meta property=\"og:locale\" content=\"de_DE\" \/>\n<meta property=\"og:type\" content=\"article\" \/>\n<meta property=\"og:title\" content=\"Download Amazon Prime Day Report 07 2025 - AMVisor.com\" \/>\n<meta property=\"og:description\" content=\"Der Amazon Prime Day 2025 war mehr als nur ein Ausverkauf \u2013 er war eine strategische B\u00fchne. Der exklusive Bericht von AMVisor zeigt, wie f\u00fchrende Marken Daten, Rabatte und Werbung nutzten, um ihre Ums\u00e4tze um bis zu +580\u202f% zu steigern. Erfahren Sie, was funktioniert hat, was nicht \u2013 und warum Sichtbarkeit, nicht nur Preisnachl\u00e4sse, \u00fcber den Erfolg entschied.\" \/>\n<meta property=\"og:url\" content=\"https:\/\/www.amvisor.com\/de\/kostenloser-download-anfrage-prime-day-072025\/crw5hj98\/\" \/>\n<meta property=\"og:site_name\" content=\"AMVisor.com\" \/>\n<meta property=\"article:publisher\" content=\"https:\/\/m.facebook.com\/AMVisor\" \/>\n<meta property=\"article:modified_time\" content=\"2025-11-12T08:05:18+00:00\" \/>\n<meta name=\"twitter:card\" content=\"summary_large_image\" \/>\n<meta name=\"twitter:site\" content=\"@AMVisor_insider\" \/>\n<meta name=\"twitter:label1\" content=\"Gesch\u00e4tzte Lesezeit\" \/>\n\t<meta name=\"twitter:data1\" content=\"13\u00a0Minuten\" \/>\n<!-- \/ Yoast SEO plugin. -->","yoast_head_json":{"title":"Download Amazon Prime Day Report 07 2025 - AMVisor.com","robots":{"index":"index","follow":"follow","max-snippet":"max-snippet:-1","max-image-preview":"max-image-preview:large","max-video-preview":"max-video-preview:-1"},"canonical":"https:\/\/www.amvisor.com\/de\/kostenloser-download-anfrage-prime-day-072025\/crw5hj98\/","og_locale":"de_DE","og_type":"article","og_title":"Download Amazon Prime Day Report 07 2025 - AMVisor.com","og_description":"Der Amazon Prime Day 2025 war mehr als nur ein Ausverkauf \u2013 er war eine strategische B\u00fchne. Der exklusive Bericht von AMVisor zeigt, wie f\u00fchrende Marken Daten, Rabatte und Werbung nutzten, um ihre Ums\u00e4tze um bis zu +580\u202f% zu steigern. Erfahren Sie, was funktioniert hat, was nicht \u2013 und warum Sichtbarkeit, nicht nur Preisnachl\u00e4sse, \u00fcber den Erfolg entschied.","og_url":"https:\/\/www.amvisor.com\/de\/kostenloser-download-anfrage-prime-day-072025\/crw5hj98\/","og_site_name":"AMVisor.com","article_publisher":"https:\/\/m.facebook.com\/AMVisor","article_modified_time":"2025-11-12T08:05:18+00:00","twitter_card":"summary_large_image","twitter_site":"@AMVisor_insider","twitter_misc":{"Gesch\u00e4tzte Lesezeit":"13\u00a0Minuten"},"schema":{"@context":"https:\/\/schema.org","@graph":[{"@type":"WebPage","@id":"https:\/\/www.amvisor.com\/de\/kostenloser-download-anfrage-prime-day-072025\/crw5hj98\/","url":"https:\/\/www.amvisor.com\/de\/kostenloser-download-anfrage-prime-day-072025\/crw5hj98\/","name":"Download Amazon Prime Day Report 07 2025 - AMVisor.com","isPartOf":{"@id":"https:\/\/www.amvisor.com\/de\/#website"},"datePublished":"2025-07-16T07:53:50+00:00","dateModified":"2025-11-12T08:05:18+00:00","breadcrumb":{"@id":"https:\/\/www.amvisor.com\/de\/kostenloser-download-anfrage-prime-day-072025\/crw5hj98\/#breadcrumb"},"inLanguage":"de","potentialAction":[{"@type":"ReadAction","target":["https:\/\/www.amvisor.com\/de\/kostenloser-download-anfrage-prime-day-072025\/crw5hj98\/"]}]},{"@type":"BreadcrumbList","@id":"https:\/\/www.amvisor.com\/de\/kostenloser-download-anfrage-prime-day-072025\/crw5hj98\/#breadcrumb","itemListElement":[{"@type":"ListItem","position":1,"name":"Startseite","item":"https:\/\/www.amvisor.com\/de\/"},{"@type":"ListItem","position":2,"name":"Kostenloser Download Anfrage: Amazon Prime Day Report 07 2025","item":"https:\/\/www.amvisor.com\/de\/free-download-request-prime-day_072025\/"},{"@type":"ListItem","position":3,"name":"Download Amazon Prime Day Report 07 2025"}]},{"@type":"WebSite","@id":"https:\/\/www.amvisor.com\/de\/#website","url":"https:\/\/www.amvisor.com\/de\/","name":"AMVisor.com","description":"Boost your Amazon business with the world&#039;s leading SaaS solution developed only for Amazon vendors","publisher":{"@id":"https:\/\/www.amvisor.com\/de\/#organization"},"potentialAction":[{"@type":"SearchAction","target":{"@type":"EntryPoint","urlTemplate":"https:\/\/www.amvisor.com\/de\/?s={search_term_string}"},"query-input":{"@type":"PropertyValueSpecification","valueRequired":true,"valueName":"search_term_string"}}],"inLanguage":"de"},{"@type":"Organization","@id":"https:\/\/www.amvisor.com\/de\/#organization","name":"AMVisor","url":"https:\/\/www.amvisor.com\/de\/","logo":{"@type":"ImageObject","inLanguage":"de","@id":"https:\/\/www.amvisor.com\/de\/#\/schema\/logo\/image\/","url":"","contentUrl":"","caption":"AMVisor"},"image":{"@id":"https:\/\/www.amvisor.com\/de\/#\/schema\/logo\/image\/"},"sameAs":["https:\/\/m.facebook.com\/AMVisor","https:\/\/x.com\/AMVisor_insider","https:\/\/www.linkedin.com\/company\/amvisor"]}]}},"_links":{"self":[{"href":"https:\/\/www.amvisor.com\/de\/wp-json\/wp\/v2\/pages\/19373","targetHints":{"allow":["GET"]}}],"collection":[{"href":"https:\/\/www.amvisor.com\/de\/wp-json\/wp\/v2\/pages"}],"about":[{"href":"https:\/\/www.amvisor.com\/de\/wp-json\/wp\/v2\/types\/page"}],"author":[{"embeddable":true,"href":"https:\/\/www.amvisor.com\/de\/wp-json\/wp\/v2\/users\/4"}],"replies":[{"embeddable":true,"href":"https:\/\/www.amvisor.com\/de\/wp-json\/wp\/v2\/comments?post=19373"}],"version-history":[{"count":5,"href":"https:\/\/www.amvisor.com\/de\/wp-json\/wp\/v2\/pages\/19373\/revisions"}],"predecessor-version":[{"id":20474,"href":"https:\/\/www.amvisor.com\/de\/wp-json\/wp\/v2\/pages\/19373\/revisions\/20474"}],"up":[{"embeddable":true,"href":"https:\/\/www.amvisor.com\/de\/wp-json\/wp\/v2\/pages\/19360"}],"wp:attachment":[{"href":"https:\/\/www.amvisor.com\/de\/wp-json\/wp\/v2\/media?parent=19373"}],"curies":[{"name":"wp","href":"https:\/\/api.w.org\/{rel}","templated":true}]}}