{"id":18985,"date":"2025-06-03T19:25:42","date_gmt":"2025-06-03T17:25:42","guid":{"rendered":"https:\/\/www.amvisor.com\/?page_id=18985"},"modified":"2025-11-12T09:05:31","modified_gmt":"2025-11-12T08:05:31","slug":"download-bought-in-past-month-indicator","status":"publish","type":"page","link":"https:\/\/www.amvisor.com\/de\/kostenloser-download-anfrage-wud\/download-bought-in-past-month-indicator\/","title":{"rendered":"Download Wachtum unter Druck"},"content":{"rendered":"<div class=\"fusion-fullwidth fullwidth-box fusion-builder-row-1 fusion-flex-container has-pattern-background has-mask-background nonhundred-percent-fullwidth non-hundred-percent-height-scrolling\" style=\"--awb-border-radius-top-left:0px;--awb-border-radius-top-right:0px;--awb-border-radius-bottom-right:0px;--awb-border-radius-bottom-left:0px;--awb-flex-wrap:wrap;\" ><div class=\"fusion-builder-row fusion-row fusion-flex-align-items-flex-start fusion-flex-justify-content-center fusion-flex-content-wrap\" style=\"max-width:1248px;margin-left: calc(-4% \/ 2 );margin-right: calc(-4% \/ 2 );\"><div class=\"fusion-layout-column fusion_builder_column fusion-builder-column-0 fusion_builder_column_1_1 1_1 fusion-flex-column\" style=\"--awb-bg-size:cover;--awb-width-large:100%;--awb-margin-top-large:0px;--awb-spacing-right-large:1.92%;--awb-margin-bottom-large:20px;--awb-spacing-left-large:1.92%;--awb-width-medium:100%;--awb-order-medium:0;--awb-spacing-right-medium:1.92%;--awb-spacing-left-medium:1.92%;--awb-width-small:100%;--awb-order-small:0;--awb-spacing-right-small:1.92%;--awb-spacing-left-small:1.92%;\"><div class=\"fusion-column-wrapper fusion-column-has-shadow fusion-flex-justify-content-flex-start fusion-content-layout-column\"><div class=\"fusion-title title fusion-title-1 fusion-sep-none fusion-title-center fusion-title-text fusion-title-size-one\" style=\"--awb-margin-top-small:5px;--awb-margin-right-small:0px;--awb-margin-bottom-small:25px;--awb-margin-left-small:0px;\"><h1 class=\"fusion-title-heading title-heading-center fusion-responsive-typography-calculated\" style=\"margin:0;--fontSize:54;line-height:1.16;\">Jetzt herunterladen<\/h1><\/div><\/div><\/div><div class=\"fusion-layout-column fusion_builder_column fusion-builder-column-1 fusion_builder_column_1_4 1_4 fusion-flex-column\" style=\"--awb-bg-size:cover;--awb-width-large:25%;--awb-margin-top-large:0px;--awb-spacing-right-large:7.68%;--awb-margin-bottom-large:20px;--awb-spacing-left-large:7.68%;--awb-width-medium:25%;--awb-order-medium:0;--awb-spacing-right-medium:7.68%;--awb-spacing-left-medium:7.68%;--awb-width-small:100%;--awb-order-small:0;--awb-spacing-right-small:1.92%;--awb-spacing-left-small:1.92%;\"><div class=\"fusion-column-wrapper fusion-column-has-shadow fusion-flex-justify-content-flex-start fusion-content-layout-column\"><\/div><\/div><div class=\"fusion-layout-column fusion_builder_column fusion-builder-column-2 fusion_builder_column_1_2 1_2 fusion-flex-column\" style=\"--awb-bg-size:cover;--awb-width-large:50%;--awb-margin-top-large:0px;--awb-spacing-right-large:3.84%;--awb-margin-bottom-large:20px;--awb-spacing-left-large:3.84%;--awb-width-medium:50%;--awb-order-medium:0;--awb-spacing-right-medium:3.84%;--awb-spacing-left-medium:3.84%;--awb-width-small:100%;--awb-order-small:0;--awb-spacing-right-small:1.92%;--awb-spacing-left-small:1.92%;\"><div class=\"fusion-column-wrapper fusion-column-has-shadow fusion-flex-justify-content-flex-start fusion-content-layout-column\"><div class=\"fusion-text fusion-text-1\"><div class=\"sdm_download_item \"><div class=\"sdm_download_item_top\"><div class=\"sdm_download_thumbnail\"><img decoding=\"async\" class=\"sdm_download_thumbnail_image\" src=\"https:\/\/www.amvisor.com\/wp-content\/uploads\/2025\/05\/E-Commerce-Wachstum-unter-Druck-Neue-Panelergebnisse-zu-Amazon.jpg\" alt = \"E-Commerce-Wachstum unter Druck: Neue Panelergebnisse zu Amazon\" \/><\/div><div class=\"sdm_download_title\">E-Commerce-Wachstum unter Druck: Neue Panelergebnisse zu Amazon<\/div><\/div><div style=\"clear:both;\"><\/div><div class=\"sdm_download_description\"><p><span class=\"OYPEnA font-feature-liga-off font-feature-clig-off font-feature-calt-off text-decoration-none text-strikethrough-none\">Anl\u00e4sslich der ASK 2025 Konferenz in Marburg kamen f\u00fchrende Hersteller und Marken zu einer Paneldiskussion \u00fcber den Status quo des Amazon-Vendor-Gesch\u00e4fts zusammen. Im Fokus standen zentrale Fragestellungen.<\/span><\/p>\n<p class=\"cvGsUA direction-ltr align-start para-style-body\"><span class=\"OYPEnA font-feature-liga-off font-feature-clig-off font-feature-calt-off text-decoration-none text-strikethrough-none\">Die Diskussion offenbarte eine gemeinsame Realit\u00e4t: Wachstum auf Amazon ist zunehmend an komplexe Zielkonflikte gebunden \u2013 zwischen Rentabilit\u00e4t, Zentralisierung und internationaler Expansion. Steigender Margendruck, wachsende Werbekosten und logistische Herausforderungen im grenz\u00fcberschreitenden Versand pr\u00e4gen ma\u00dfgeblich das operative Handeln von Marken \u2013 und ihre strategische Zukunftsplanung.<\/span><\/p>\n<p class=\"cvGsUA direction-ltr align-start para-style-body\"><span class=\"OYPEnA font-feature-liga-off font-feature-clig-off font-feature-calt-off text-decoration-none text-strikethrough-none\">Gest\u00fctzt auf anonymisierte Daten von tausenden ASINs sowie angereichert durch die Perspektiven von \u00fcber 100 Branchenvertreter:innen, beleuchtet dieser Report die strukturellen Spannungsfelder, die das aktuelle Vendor-\u00d6kosystem definieren \u2013 und die Entscheidungen, die dessen n\u00e4chste Entwicklungsphase bestimmen werden.<\/span><\/p>\n<\/div><div class=\"sdm_download_link\"><span class=\"sdm_download_button\"><a href=\"https:\/\/www.amvisor.com\/de\/?sdm_process_download=1&download_id=18832\" class=\"sdm_download green\" title=\"E-Commerce-Wachstum unter Druck: Neue Panelergebnisse zu Amazon\" target=\"_self\">Jetzt herunterladen!<\/a><\/span><span class=\"sdm_download_item_count\"><span class=\"sdm_item_count_number\">114<\/span><span class=\"sdm_item_count_string\"> Downloads<\/span><\/span><\/div><\/div><div class=\"sdm_clear_float\"><\/div>\n<\/div><\/div><\/div><div class=\"fusion-layout-column fusion_builder_column fusion-builder-column-3 fusion_builder_column_1_4 1_4 fusion-flex-column\" style=\"--awb-bg-size:cover;--awb-width-large:25%;--awb-margin-top-large:0px;--awb-spacing-right-large:7.68%;--awb-margin-bottom-large:20px;--awb-spacing-left-large:7.68%;--awb-width-medium:25%;--awb-order-medium:0;--awb-spacing-right-medium:7.68%;--awb-spacing-left-medium:7.68%;--awb-width-small:100%;--awb-order-small:0;--awb-spacing-right-small:1.92%;--awb-spacing-left-small:1.92%;\"><div class=\"fusion-column-wrapper fusion-column-has-shadow fusion-flex-justify-content-flex-start fusion-content-layout-column\"><\/div><\/div><\/div><\/div>\n","protected":false},"excerpt":{"rendered":"<p>Unlock the secrets behind Amazon&#8217;s &#8220;Bought in Past Month&#8221; indicator with our comprehensive free report.<\/p>\n","protected":false},"author":2,"featured_media":0,"parent":18971,"menu_order":1,"comment_status":"closed","ping_status":"closed","template":"","meta":{"_acf_changed":false,"footnotes":""},"class_list":["post-18985","page","type-page","status-publish","hentry"],"acf":[],"yoast_head":"<!-- This site is optimized with the Yoast SEO plugin v27.1.1 - https:\/\/yoast.com\/product\/yoast-seo-wordpress\/ -->\n<title>Download Wachtum unter Druck - AMVisor.com<\/title>\n<meta name=\"robots\" content=\"index, follow, max-snippet:-1, max-image-preview:large, max-video-preview:-1\" \/>\n<link rel=\"canonical\" href=\"https:\/\/www.amvisor.com\/de\/kostenloser-download-anfrage-wud\/download-bought-in-past-month-indicator\/\" \/>\n<meta property=\"og:locale\" content=\"de_DE\" \/>\n<meta property=\"og:type\" content=\"article\" \/>\n<meta property=\"og:title\" content=\"Download Wachtum unter Druck - AMVisor.com\" \/>\n<meta property=\"og:description\" content=\"Unlock the secrets behind Amazon&#039;s &quot;Bought in Past Month&quot; indicator with our comprehensive free report.\" \/>\n<meta property=\"og:url\" content=\"https:\/\/www.amvisor.com\/de\/kostenloser-download-anfrage-wud\/download-bought-in-past-month-indicator\/\" \/>\n<meta property=\"og:site_name\" content=\"AMVisor.com\" \/>\n<meta property=\"article:publisher\" content=\"https:\/\/m.facebook.com\/AMVisor\" \/>\n<meta property=\"article:modified_time\" content=\"2025-11-12T08:05:31+00:00\" \/>\n<meta name=\"twitter:card\" content=\"summary_large_image\" \/>\n<meta name=\"twitter:site\" content=\"@AMVisor_insider\" \/>\n<meta name=\"twitter:label1\" content=\"Gesch\u00e4tzte Lesezeit\" \/>\n\t<meta name=\"twitter:data1\" content=\"13\u00a0Minuten\" \/>\n<!-- \/ Yoast SEO plugin. -->","yoast_head_json":{"title":"Download Wachtum unter Druck - AMVisor.com","robots":{"index":"index","follow":"follow","max-snippet":"max-snippet:-1","max-image-preview":"max-image-preview:large","max-video-preview":"max-video-preview:-1"},"canonical":"https:\/\/www.amvisor.com\/de\/kostenloser-download-anfrage-wud\/download-bought-in-past-month-indicator\/","og_locale":"de_DE","og_type":"article","og_title":"Download Wachtum unter Druck - AMVisor.com","og_description":"Unlock the secrets behind Amazon's \"Bought in Past Month\" indicator with our comprehensive free report.","og_url":"https:\/\/www.amvisor.com\/de\/kostenloser-download-anfrage-wud\/download-bought-in-past-month-indicator\/","og_site_name":"AMVisor.com","article_publisher":"https:\/\/m.facebook.com\/AMVisor","article_modified_time":"2025-11-12T08:05:31+00:00","twitter_card":"summary_large_image","twitter_site":"@AMVisor_insider","twitter_misc":{"Gesch\u00e4tzte Lesezeit":"13\u00a0Minuten"},"schema":{"@context":"https:\/\/schema.org","@graph":[{"@type":"WebPage","@id":"https:\/\/www.amvisor.com\/de\/kostenloser-download-anfrage-wud\/download-bought-in-past-month-indicator\/","url":"https:\/\/www.amvisor.com\/de\/kostenloser-download-anfrage-wud\/download-bought-in-past-month-indicator\/","name":"Download Wachtum unter Druck - AMVisor.com","isPartOf":{"@id":"https:\/\/www.amvisor.com\/de\/#website"},"datePublished":"2025-06-03T17:25:42+00:00","dateModified":"2025-11-12T08:05:31+00:00","breadcrumb":{"@id":"https:\/\/www.amvisor.com\/de\/kostenloser-download-anfrage-wud\/download-bought-in-past-month-indicator\/#breadcrumb"},"inLanguage":"de","potentialAction":[{"@type":"ReadAction","target":["https:\/\/www.amvisor.com\/de\/kostenloser-download-anfrage-wud\/download-bought-in-past-month-indicator\/"]}]},{"@type":"BreadcrumbList","@id":"https:\/\/www.amvisor.com\/de\/kostenloser-download-anfrage-wud\/download-bought-in-past-month-indicator\/#breadcrumb","itemListElement":[{"@type":"ListItem","position":1,"name":"Startseite","item":"https:\/\/www.amvisor.com\/de\/"},{"@type":"ListItem","position":2,"name":"Kostenloser Download Anfrage: Wachstum unter Druck","item":"https:\/\/www.amvisor.com\/de\/free-download-request-gup\/"},{"@type":"ListItem","position":3,"name":"Download Wachtum unter Druck"}]},{"@type":"WebSite","@id":"https:\/\/www.amvisor.com\/de\/#website","url":"https:\/\/www.amvisor.com\/de\/","name":"AMVisor.com","description":"Boost your Amazon business with the world&#039;s leading SaaS solution developed only for Amazon vendors","publisher":{"@id":"https:\/\/www.amvisor.com\/de\/#organization"},"potentialAction":[{"@type":"SearchAction","target":{"@type":"EntryPoint","urlTemplate":"https:\/\/www.amvisor.com\/de\/?s={search_term_string}"},"query-input":{"@type":"PropertyValueSpecification","valueRequired":true,"valueName":"search_term_string"}}],"inLanguage":"de"},{"@type":"Organization","@id":"https:\/\/www.amvisor.com\/de\/#organization","name":"AMVisor","url":"https:\/\/www.amvisor.com\/de\/","logo":{"@type":"ImageObject","inLanguage":"de","@id":"https:\/\/www.amvisor.com\/de\/#\/schema\/logo\/image\/","url":"","contentUrl":"","caption":"AMVisor"},"image":{"@id":"https:\/\/www.amvisor.com\/de\/#\/schema\/logo\/image\/"},"sameAs":["https:\/\/m.facebook.com\/AMVisor","https:\/\/x.com\/AMVisor_insider","https:\/\/www.linkedin.com\/company\/amvisor"]}]}},"_links":{"self":[{"href":"https:\/\/www.amvisor.com\/de\/wp-json\/wp\/v2\/pages\/18985","targetHints":{"allow":["GET"]}}],"collection":[{"href":"https:\/\/www.amvisor.com\/de\/wp-json\/wp\/v2\/pages"}],"about":[{"href":"https:\/\/www.amvisor.com\/de\/wp-json\/wp\/v2\/types\/page"}],"author":[{"embeddable":true,"href":"https:\/\/www.amvisor.com\/de\/wp-json\/wp\/v2\/users\/2"}],"replies":[{"embeddable":true,"href":"https:\/\/www.amvisor.com\/de\/wp-json\/wp\/v2\/comments?post=18985"}],"version-history":[{"count":3,"href":"https:\/\/www.amvisor.com\/de\/wp-json\/wp\/v2\/pages\/18985\/revisions"}],"predecessor-version":[{"id":19113,"href":"https:\/\/www.amvisor.com\/de\/wp-json\/wp\/v2\/pages\/18985\/revisions\/19113"}],"up":[{"embeddable":true,"href":"https:\/\/www.amvisor.com\/de\/wp-json\/wp\/v2\/pages\/18971"}],"wp:attachment":[{"href":"https:\/\/www.amvisor.com\/de\/wp-json\/wp\/v2\/media?parent=18985"}],"curies":[{"name":"wp","href":"https:\/\/api.w.org\/{rel}","templated":true}]}}