{"id":11232,"date":"2021-03-15T15:44:05","date_gmt":"2021-03-15T14:44:05","guid":{"rendered":"https:\/\/test.amvisor.com\/bedingungen-und-konditionen\/"},"modified":"2026-01-19T15:17:44","modified_gmt":"2026-01-19T14:17:44","slug":"agb","status":"publish","type":"page","link":"https:\/\/www.amvisor.com\/de\/agb\/","title":{"rendered":"AGB"},"content":{"rendered":"<div class=\"fusion-fullwidth fullwidth-box fusion-builder-row-1 fusion-flex-container has-pattern-background has-mask-background nonhundred-percent-fullwidth non-hundred-percent-height-scrolling\" style=\"--awb-border-radius-top-left:0px;--awb-border-radius-top-right:0px;--awb-border-radius-bottom-right:0px;--awb-border-radius-bottom-left:0px;--awb-padding-top:80px;--awb-padding-top-medium:40px;--awb-flex-wrap:wrap;\" ><div class=\"fusion-builder-row fusion-row fusion-flex-align-items-flex-start fusion-flex-content-wrap\" style=\"max-width:1248px;margin-left: calc(-4% \/ 2 );margin-right: calc(-4% \/ 2 );\"><div class=\"fusion-layout-column fusion_builder_column fusion-builder-column-0 fusion_builder_column_1_1 1_1 fusion-flex-column\" style=\"--awb-bg-size:cover;--awb-width-large:100%;--awb-margin-top-large:0px;--awb-spacing-right-large:1.92%;--awb-margin-bottom-large:20px;--awb-spacing-left-large:1.92%;--awb-width-medium:100%;--awb-order-medium:0;--awb-spacing-right-medium:1.92%;--awb-spacing-left-medium:1.92%;--awb-width-small:100%;--awb-order-small:0;--awb-spacing-right-small:1.92%;--awb-spacing-left-small:1.92%;\"><div class=\"fusion-column-wrapper fusion-column-has-shadow fusion-flex-justify-content-flex-start fusion-content-layout-column\"><div class=\"fusion-title title fusion-title-1 fusion-sep-none fusion-title-center fusion-title-text fusion-title-size-one\" style=\"--awb-margin-top-small:5px;--awb-margin-right-small:0px;--awb-margin-bottom-small:25px;--awb-margin-left-small:0px;\"><h1 class=\"fusion-title-heading title-heading-center fusion-responsive-typography-calculated\" style=\"margin:0;--fontSize:54;line-height:1.16;\">Allgemeine Gesch\u00e4ftsbedingungen<\/h1><\/div><div class=\"fusion-text fusion-text-1\" style=\"--awb-content-alignment:center;\"><p>Ab dem 03.06.2019 ist nur noch die deutsche Fassung rechtsverbindlich.<\/p>\n<\/div><div class=\"fusion-text fusion-text-2\"><h5>Stand: 6. M\u00e4rz 2019<\/h5>\n<ol>\n<li>\n<h5><strong>Pr\u00e4ambel<\/strong><\/h5>\n<ol>\n<li>\n<h5>AMVisor ist eine onlinebasierten Research- und Analysesoftware f\u00fcr die Auswertung europ\u00e4ischer E-Commerce Aktivit\u00e4ten. Durch die Nutzung dieser Software erhalten die Nutzer Auswertungen, Analysen und, abh\u00e4ngig vom gew\u00e4hlten Tarif, Handlungsempfehlungen zu Ihren Produkten im Onlinemarkt. AMVisor ist ein Produkt der AMVisor GmbH.<\/h5>\n<\/li>\n<li>\n<h5>Die AGB regeln das Vertragsverh\u00e4ltnis zwischen dem Nutzer und der AMVisor GmbH und gelten f\u00fcr alle unsere Vertr\u00e4ge zur Softwarenutzung. Sie gelten ausschlie\u00dflich f\u00fcr Gesch\u00e4fte mit Unternehmern lt. \u00a7 310 Abs. 1 BGB.<\/h5>\n<\/li>\n<\/ol>\n<\/li>\n<li>\n<h5><strong>Leistungen von AMVisor<\/strong><\/h5>\n<ol>\n<li>\n<h5>AMVisor bietet den Nutzern eine onlinebasierten Research- und Analysesoftware f\u00fcr die Auswertung europ\u00e4ischer E-Commerce Aktivit\u00e4ten. Der Zugang zur Software erfolgt \u00fcber eine Web-Oberfl\u00e4che. Jeder Nutzer erh\u00e4lt individuelle Zugangsdaten f\u00fcr den Login.<\/h5>\n<\/li>\n<li>\n<h5>AMVisor gew\u00e4hrt dem Nutzer nach Vertragsschluss f\u00fcr den Vertragszeitraum Zugriff auf die Software. F\u00fcr den Zugang ist ein Internetzugang beim Nutzer Voraussetzung.<\/h5>\n<\/li>\n<li>\n<h5>\u00dcber die Weboberfl\u00e4che erh\u00e4lt der Nutzer Zugang zu allen Analysen, Auswertungen und Handlungsempfehlungen (abh\u00e4ngig vom gew\u00e4hlten Tarif) f\u00fcr seine Artikel. Die zu analysierenden Produkte werden vom Nutzer selbst eingetragen. Nach Absprache k\u00f6nnen sie auch von AMVisor eingetragen werden. Die maximal m\u00f6gliche Anzahl von Produkten und die zu beobachteten Plattformen \/ Online-Shops werden bei Auftragserteilung individuell festgelegt.<\/h5>\n<\/li>\n<li>\n<h5>Wenn Handlungsempfehlungen erstellt werden, erfolgen diese nach bestem Wissen und Gewissen. F\u00fcr die Umsetzung und die m\u00f6glichen Konsequenzen daraus ist allein der Nutzer verantwortlich. Ziel von AMVisor ist es, alle relevanten Daten einmal t\u00e4glich zu aktualisieren. Technologisch bedingt, kann weder die Vollst\u00e4ndigkeit, noch die Richtigkeit oder Aktualit\u00e4t der Daten garantiert werden.<\/h5>\n<\/li>\n<li>\n<h5>Systembedingt kann auch nach dem Basissetup die Nutzung der AMVisor Accounts erst 4 Wochen nach Bereitstellung der relevanten Zug\u00e4nge und Produktdaten erfolgen.<\/h5>\n<\/li>\n<\/ol>\n<\/li>\n<li>\n<h5><strong>Geheimhaltung<\/strong><\/h5>\n<ol>\n<li>\n<h5>AMVisor verpflichtet sich, alle erhaltenen Daten und Informationen des Kunden geheim zu halten und weder f\u00fcr eigene Zwecke zu verwenden, noch an Dritte weiterzugeben. Transportdienstleister, Hoster, Infrastrukturlieferanten und verbundene Unternehmen sind keine Dritte in diesem Sinne.<\/h5>\n<\/li>\n<li>\n<h5>Dies gilt nicht f\u00fcr Informationen, welche ohne Versto\u00df gegen Vertraulichkeitsverpflichtungen \u00f6ffentlich zug\u00e4nglich sind.<\/h5>\n<\/li>\n<li>\n<h5>AMVisor ist es gestattet, vertrauliche Informationen an verbundene Unternehmen im Sinne von \u00a715 Aktiengesetz weiterzugeben, sofern dies im Rahmen der Gesch\u00e4ftsbeziehung notwendig ist.<\/h5>\n<\/li>\n<\/ol>\n<\/li>\n<li>\n<h5><strong>Pflichten des Kunden<\/strong><\/h5>\n<ol>\n<li>\n<h5>Der Kunde stellt AMVisor die notwendigen Informationen zur Verf\u00fcgung. Das betrifft insbesondere die Artikeldaten inkl. ASIN und EAN und alle zur Analyse notwendigen Daten aus dem kundeneigenen Amazon Vendor-Portal.<\/h5>\n<\/li>\n<li>\n<h5>F\u00fcr die Umsetzung der Handlungsempfehlungen ist der Kunde selbst verantwortlich.<\/h5>\n<\/li>\n<li>\n<h5>Die Analysen und Auswertungen d\u00fcrfen vom Kunden nur f\u00fcr eigene Zwecke verwendet werden. Jegliche Ver\u00e4nderung, der Verkauf oder die Weitergabe an Dritte ist untersagt.<\/h5>\n<\/li>\n<li>\n<h5>Der Kunde stellt sicher, dass die Nutzung von AMVisor nicht gegen bestehende Vertr\u00e4ge mit Amazon oder anderen Plattformbetreibern, deren Daten genutzt werden, verst\u00f6\u00dft.<\/h5>\n<\/li>\n<\/ol>\n<\/li>\n<li>\n<h5><strong>Vertragslaufzeit, Ende des Vertrages<\/strong><\/h5>\n<ol>\n<li>\n<h5>Die Laufzeit des Vertrages betr\u00e4gt 24 Monate. Der Vertrag verl\u00e4ngert sich um jeweils 12 Monate, wenn nicht dem Vertragspartner sp\u00e4testens drei Monate vor Ablauf der jeweiligen Vertragsdauer eine K\u00fcndigung zugegangen ist. Die K\u00fcndigung bedarf der Textform.<\/h5>\n<\/li>\n<\/ol>\n<\/li>\n<li>\n<h5><strong>Preise, Abrechnungs- und Zahlungsbedingungen<\/strong><\/h5>\n<ol>\n<li>\n<h5>Die Preise ergeben sich aus der g\u00fcltigen Preisliste bzw. aus dem individuellen Angebot.<\/h5>\n<\/li>\n<li>\n<h5>Die Abrechnung erfolgt monatlich per Rechnung. Kommt der Auftraggeber mit mehr als zwei monatlichen Zahlungen in Verzug, so ist der Auftragnehmer berechtigt, dem Auftraggeber den Zugriff auf die Software zu entziehen.<\/h5>\n<\/li>\n<\/ol>\n<\/li>\n<li>\n<h5><strong>Gew\u00e4hrleistung und Haftung<\/strong><\/h5>\n<ol>\n<li>\n<h5>AMVisor haftet unbeschr\u00e4nkt f\u00fcr Vorsatz und grobe Fahrl\u00e4ssigkeit.<\/h5>\n<\/li>\n<li>\n<h5>F\u00fcr einfache Fahrl\u00e4ssigkeit haftet AMVisor\u2013 au\u00dfer im Falle der Verletzung des Lebens, des K\u00f6rpers oder der Gesundheit \u2013 nur, sofern wesentliche Vertragspflichten (Kardinalpflichten) verletzt werden. Die Haftung ist begrenzt auf den vertragstypischen und vorhersehbaren Schaden, maximal jedoch bis zu einem Betrag von 10.000 \u20ac.<\/h5>\n<\/li>\n<li>\n<h5>Die Haftung f\u00fcr mittelbare und unvorhersehbare Sch\u00e4den, Produktions- und Nutzungsausfall, entgangenen Gewinn, ausgebliebene Einsparungen und Verm\u00f6genssch\u00e4den wegen Anspr\u00fcchen Dritter, ist im Falle einfacher Fahrl\u00e4ssigkeit \u2013 au\u00dfer im Falle der Verletzung des Lebens, des K\u00f6rpers oder der Gesundheit \u2013 ausgeschlossen.<\/h5>\n<\/li>\n<li>\n<h5>Eine weitergehende Haftung als in diesem Vertrag ist \u2013 ohne R\u00fccksicht auf die Rechtsnatur des geltend gemachten Anspruchs \u2013ausgeschlossen. Vorstehende Haftungsbeschr\u00e4nkungen bzw. -ausschl\u00fcsse gelten jedoch nicht f\u00fcr eine gesetzlich zwingend vorgeschriebene verschuldensunabh\u00e4ngige Haftung (z. B. gem\u00e4\u00df Produkthaftungsgesetz) oder die Haftung aus einer verschuldensunabh\u00e4ngigen Garantie.<\/h5>\n<\/li>\n<li>\n<h5>Soweit die Haftung nach Ziffern 2 und 3 ausgeschlossen oder beschr\u00e4nkt ist, gilt dies auch f\u00fcr die pers\u00f6nliche Haftung der Angestellten, Arbeitnehmer, Vertreter, Organe und Erf\u00fcllungsgehilfen von AMVisor.<\/h5>\n<\/li>\n<li>\n<h5>Aufgrund der technischen Eigenschaften des Dienstes von AMVisor kann nicht gew\u00e4hrleistet werden, dass die Software jederzeit verf\u00fcgbar, erreichbar und frei von Fehlern ist.<\/h5>\n<\/li>\n<\/ol>\n<\/li>\n<li>\n<h5><strong>Sonstiges<\/strong><\/h5>\n<ol>\n<li>\n<h5>Diese AGB und die gesamten Rechtsbeziehungen der Parteien unterliegen dem Recht der Bundesrepublik Deutschland unter Ausschluss des UN-Kaufrechts (CISG).<\/h5>\n<\/li>\n<li>\n<h5>Erf\u00fcllungsort und ausschlie\u00dflicher Gerichtsstand f\u00fcr alle Streitigkeiten aus diesem Vertrag ist der Gesch\u00e4ftssitz der AMVisor GmbH.<\/h5>\n<\/li>\n<li>\n<h5>Sollte irgendeine Vertragsbestimmung ung\u00fcltig sein, so bleibt die G\u00fcltigkeit des \u00fcbrigen Vertrages dadurch unber\u00fchrt. Die ung\u00fcltige Bestimmung ist durch eine solche zu ersetzen, die dem wirtschaftlichen Zweck des Vertrages am ehesten entspricht.<\/h5>\n<\/li>\n<\/ol>\n<\/li>\n<\/ol>\n<\/div><\/div><\/div><\/div><\/div>\n","protected":false},"excerpt":{"rendered":"<p>Allgemeine Gesch\u00e4ftsbedingungen: Durch den Zugriff und die Nutzung dieser Website erkl\u00e4ren Sie sich damit einverstanden, die folgenden Nutzungsbedingungen zu beachten und diesen zuzustimmen.<\/p>\n","protected":false},"author":2,"featured_media":0,"parent":0,"menu_order":49,"comment_status":"closed","ping_status":"closed","template":"100-width.php","meta":{"_acf_changed":false,"footnotes":""},"class_list":["post-11232","page","type-page","status-publish","hentry"],"acf":[],"yoast_head":"<!-- This site is optimized with the Yoast SEO plugin v27.1.1 - https:\/\/yoast.com\/product\/yoast-seo-wordpress\/ -->\n<title>AGB - AMVisor.com<\/title>\n<meta name=\"description\" content=\"Allgemeine Gesch\u00e4ftsbedingungen der AMVisor GmbH - Ihr Partner f\u00fcr Amazon Analytics und Datenlieferant f\u00fcr gr\u00f6\u00dferen Umsatz auf Amazon.\" \/>\n<meta name=\"robots\" content=\"index, follow, max-snippet:-1, max-image-preview:large, max-video-preview:-1\" \/>\n<link rel=\"canonical\" href=\"https:\/\/www.amvisor.com\/de\/agb\/\" \/>\n<meta property=\"og:locale\" content=\"de_DE\" \/>\n<meta property=\"og:type\" content=\"article\" \/>\n<meta property=\"og:title\" content=\"AGB - AMVisor.com\" \/>\n<meta property=\"og:description\" content=\"Allgemeine Gesch\u00e4ftsbedingungen der AMVisor GmbH - Ihr Partner f\u00fcr Amazon Analytics und Datenlieferant f\u00fcr gr\u00f6\u00dferen Umsatz auf Amazon.\" \/>\n<meta property=\"og:url\" content=\"https:\/\/www.amvisor.com\/de\/agb\/\" \/>\n<meta property=\"og:site_name\" content=\"AMVisor.com\" \/>\n<meta property=\"article:publisher\" content=\"https:\/\/m.facebook.com\/AMVisor\" \/>\n<meta property=\"article:modified_time\" content=\"2026-01-19T14:17:44+00:00\" \/>\n<meta name=\"twitter:card\" content=\"summary_large_image\" \/>\n<meta name=\"twitter:site\" content=\"@AMVisor_insider\" \/>\n<meta name=\"twitter:label1\" content=\"Gesch\u00e4tzte Lesezeit\" \/>\n\t<meta name=\"twitter:data1\" content=\"10\u00a0Minuten\" \/>\n<!-- \/ Yoast SEO plugin. -->","yoast_head_json":{"title":"AGB - AMVisor.com","description":"Allgemeine Gesch\u00e4ftsbedingungen der AMVisor GmbH - Ihr Partner f\u00fcr Amazon Analytics und Datenlieferant f\u00fcr gr\u00f6\u00dferen Umsatz auf Amazon.","robots":{"index":"index","follow":"follow","max-snippet":"max-snippet:-1","max-image-preview":"max-image-preview:large","max-video-preview":"max-video-preview:-1"},"canonical":"https:\/\/www.amvisor.com\/de\/agb\/","og_locale":"de_DE","og_type":"article","og_title":"AGB - AMVisor.com","og_description":"Allgemeine Gesch\u00e4ftsbedingungen der AMVisor GmbH - Ihr Partner f\u00fcr Amazon Analytics und Datenlieferant f\u00fcr gr\u00f6\u00dferen Umsatz auf Amazon.","og_url":"https:\/\/www.amvisor.com\/de\/agb\/","og_site_name":"AMVisor.com","article_publisher":"https:\/\/m.facebook.com\/AMVisor","article_modified_time":"2026-01-19T14:17:44+00:00","twitter_card":"summary_large_image","twitter_site":"@AMVisor_insider","twitter_misc":{"Gesch\u00e4tzte Lesezeit":"10\u00a0Minuten"},"schema":{"@context":"https:\/\/schema.org","@graph":[{"@type":"WebPage","@id":"https:\/\/www.amvisor.com\/de\/agb\/","url":"https:\/\/www.amvisor.com\/de\/agb\/","name":"AGB - AMVisor.com","isPartOf":{"@id":"https:\/\/www.amvisor.com\/de\/#website"},"datePublished":"2021-03-15T14:44:05+00:00","dateModified":"2026-01-19T14:17:44+00:00","description":"Allgemeine Gesch\u00e4ftsbedingungen der AMVisor GmbH - Ihr Partner f\u00fcr Amazon Analytics und Datenlieferant f\u00fcr gr\u00f6\u00dferen Umsatz auf Amazon.","breadcrumb":{"@id":"https:\/\/www.amvisor.com\/de\/agb\/#breadcrumb"},"inLanguage":"de","potentialAction":[{"@type":"ReadAction","target":["https:\/\/www.amvisor.com\/de\/agb\/"]}]},{"@type":"BreadcrumbList","@id":"https:\/\/www.amvisor.com\/de\/agb\/#breadcrumb","itemListElement":[{"@type":"ListItem","position":1,"name":"Startseite","item":"https:\/\/www.amvisor.com\/de\/"},{"@type":"ListItem","position":2,"name":"AGB"}]},{"@type":"WebSite","@id":"https:\/\/www.amvisor.com\/de\/#website","url":"https:\/\/www.amvisor.com\/de\/","name":"AMVisor.com","description":"Boost your Amazon business with the world&#039;s leading SaaS solution developed only for Amazon vendors","publisher":{"@id":"https:\/\/www.amvisor.com\/de\/#organization"},"potentialAction":[{"@type":"SearchAction","target":{"@type":"EntryPoint","urlTemplate":"https:\/\/www.amvisor.com\/de\/?s={search_term_string}"},"query-input":{"@type":"PropertyValueSpecification","valueRequired":true,"valueName":"search_term_string"}}],"inLanguage":"de"},{"@type":"Organization","@id":"https:\/\/www.amvisor.com\/de\/#organization","name":"AMVisor","url":"https:\/\/www.amvisor.com\/de\/","logo":{"@type":"ImageObject","inLanguage":"de","@id":"https:\/\/www.amvisor.com\/de\/#\/schema\/logo\/image\/","url":"","contentUrl":"","caption":"AMVisor"},"image":{"@id":"https:\/\/www.amvisor.com\/de\/#\/schema\/logo\/image\/"},"sameAs":["https:\/\/m.facebook.com\/AMVisor","https:\/\/x.com\/AMVisor_insider","https:\/\/www.linkedin.com\/company\/amvisor"]}]}},"_links":{"self":[{"href":"https:\/\/www.amvisor.com\/de\/wp-json\/wp\/v2\/pages\/11232","targetHints":{"allow":["GET"]}}],"collection":[{"href":"https:\/\/www.amvisor.com\/de\/wp-json\/wp\/v2\/pages"}],"about":[{"href":"https:\/\/www.amvisor.com\/de\/wp-json\/wp\/v2\/types\/page"}],"author":[{"embeddable":true,"href":"https:\/\/www.amvisor.com\/de\/wp-json\/wp\/v2\/users\/2"}],"replies":[{"embeddable":true,"href":"https:\/\/www.amvisor.com\/de\/wp-json\/wp\/v2\/comments?post=11232"}],"version-history":[{"count":5,"href":"https:\/\/www.amvisor.com\/de\/wp-json\/wp\/v2\/pages\/11232\/revisions"}],"predecessor-version":[{"id":21259,"href":"https:\/\/www.amvisor.com\/de\/wp-json\/wp\/v2\/pages\/11232\/revisions\/21259"}],"wp:attachment":[{"href":"https:\/\/www.amvisor.com\/de\/wp-json\/wp\/v2\/media?parent=11232"}],"curies":[{"name":"wp","href":"https:\/\/api.w.org\/{rel}","templated":true}]}}